{"id":348,"date":"2025-10-04T22:54:27","date_gmt":"2025-10-04T20:54:27","guid":{"rendered":"http:\/\/bestways.test\/?page_id=348"},"modified":"2026-04-23T16:48:37","modified_gmt":"2026-04-23T14:48:37","slug":"impressum","status":"publish","type":"page","link":"https:\/\/best.ways.group\/en\/impressum\/","title":{"rendered":"Legal Notice"},"content":{"rendered":"<div data-elementor-type=\"wp-page\" data-elementor-id=\"348\" class=\"elementor elementor-348\" data-elementor-post-type=\"page\">\n\t\t\t\t<div class=\"elementor-element elementor-element-cf70d1e e-flex e-con-boxed e-con e-parent\" data-id=\"cf70d1e\" data-element_type=\"container\" data-e-type=\"container\">\n\t\t\t\t\t<div class=\"e-con-inner\">\n\t\t\t\t<div class=\"elementor-element elementor-element-4583398 elementor-widget elementor-widget-text-editor\" data-id=\"4583398\" data-element_type=\"widget\" data-e-type=\"widget\" data-widget_type=\"text-editor.default\">\n\t\t\t\t\t\t\t\t\t<h1>Legal Notice<\/h1><p>Angaben gem\u00e4\u00df \u00a7 5 DDG:<\/p><p>best.ways GmbH<\/p><p>Mergenthalerallee 77 65760 Eschborn<\/p><p>Deutschland<\/p><p><strong>Represented by<\/strong><\/p><p>Holger Br\u00fcck <br \/>Christian Br\u00fcck<\/p><p><strong>Registereintrag<\/strong>: <br \/>Eintragung im Handelsregister. Registergericht: <br \/>Amtsgericht Frankfurt Registernummer: HRB 100291<\/p><p><strong>VAT ID:<\/strong><br \/>Value Added Tax Identification Number in accordance with Section 27a of the German VAT Act:<\/p><p>Hinweis auf das Verbraucherstreitbeilegungsgesetz (VSBG)<\/p><p>Wenn Sie eine Webseite unterhalten, und\/oder gegen\u00fcber Verbrauchern Allgemeine Gesch\u00e4ftsbedingungen (AGB) verwenden, m\u00fcssen Sie die Informationspflichten der \u00a7\u00a736, 37 Verbraucherstreitbeilegungsgesetz (VSBG) erf\u00fcllen. Die Nichteinhaltung dieser Vorgaben stellt einen Wettbewerbsversto\u00df dar, der kostenpflichtig abgemahnt werden kann. Zudem k\u00f6nnen Verbraucher gegen den Unternehmer Anspr\u00fcche wegen der Verletzung vorvertraglicher oder vertraglicher Pflichten geltend zu machen.<\/p>\t\t\t\t\t\t\t\t<\/div>\n\t\t\t\t\t<\/div>\n\t\t\t\t<\/div>\n\t\t\t\t<\/div>","protected":false},"excerpt":{"rendered":"<p>Impressum Angaben gem\u00e4\u00df \u00a7 5 DDG: best.ways GmbH Mergenthalerallee 77 65760 Eschborn Deutschland Vertreten durch: Holger Br\u00fcck Christian Br\u00fcck Registereintrag: Eintragung im Handelsregister. Registergericht: Amtsgericht Frankfurt Registernummer: HRB 100291 Umsatzsteuer-ID:Umsatzsteuer-Identifikationsnummer gem\u00e4\u00df \u00a727a Umsatzsteuergesetz: DE296415195 Hinweis auf das Verbraucherstreitbeilegungsgesetz (VSBG) Wenn Sie eine Webseite unterhalten, und\/oder gegen\u00fcber Verbrauchern Allgemeine Gesch\u00e4ftsbedingungen (AGB) verwenden, m\u00fcssen Sie die Informationspflichten [&hellip;]<\/p>\n","protected":false},"author":1,"featured_media":0,"parent":0,"menu_order":0,"comment_status":"closed","ping_status":"closed","template":"","meta":{"footnotes":""},"class_list":["post-348","page","type-page","status-publish","hentry"],"_links":{"self":[{"href":"https:\/\/best.ways.group\/en\/wp-json\/wp\/v2\/pages\/348","targetHints":{"allow":["GET"]}}],"collection":[{"href":"https:\/\/best.ways.group\/en\/wp-json\/wp\/v2\/pages"}],"about":[{"href":"https:\/\/best.ways.group\/en\/wp-json\/wp\/v2\/types\/page"}],"author":[{"embeddable":true,"href":"https:\/\/best.ways.group\/en\/wp-json\/wp\/v2\/users\/1"}],"replies":[{"embeddable":true,"href":"https:\/\/best.ways.group\/en\/wp-json\/wp\/v2\/comments?post=348"}],"version-history":[{"count":13,"href":"https:\/\/best.ways.group\/en\/wp-json\/wp\/v2\/pages\/348\/revisions"}],"predecessor-version":[{"id":610,"href":"https:\/\/best.ways.group\/en\/wp-json\/wp\/v2\/pages\/348\/revisions\/610"}],"wp:attachment":[{"href":"https:\/\/best.ways.group\/en\/wp-json\/wp\/v2\/media?parent=348"}],"curies":[{"name":"wp","href":"https:\/\/api.w.org\/{rel}","templated":true}]}}